{"id":5592,"date":"2016-12-05T09:17:34","date_gmt":"2016-12-05T09:17:34","guid":{"rendered":"https:\/\/demo.wpzoom.com\/inspiro\/?page_id=5592"},"modified":"2026-03-14T19:03:28","modified_gmt":"2026-03-14T19:03:28","slug":"about","status":"publish","type":"page","link":"https:\/\/soyonsensemble.com\/index.php\/about\/","title":{"rendered":"Qui sommes-nous"},"content":{"rendered":"\t\t<div data-elementor-type=\"wp-page\" data-elementor-id=\"5592\" class=\"elementor elementor-5592\">\n\t\t\t\t\t\t<section class=\"elementor-section elementor-top-section elementor-element elementor-element-6dd5e545 elementor-section-boxed elementor-section-height-default elementor-section-height-default\" data-id=\"6dd5e545\" data-element_type=\"section\">\n\t\t\t\t\t\t<div class=\"elementor-container elementor-column-gap-no\">\n\t\t\t\t\t<div class=\"elementor-column elementor-col-100 elementor-top-column elementor-element elementor-element-35934f08\" data-id=\"35934f08\" data-element_type=\"column\">\n\t\t\t<div class=\"elementor-widget-wrap elementor-element-populated\">\n\t\t\t\t\t\t<div class=\"elementor-element elementor-element-89ab21a elementor-widget elementor-widget-image\" data-id=\"89ab21a\" data-element_type=\"widget\" data-widget_type=\"image.default\">\n\t\t\t\t\t\t\t\t\t\t\t\t\t\t\t<img decoding=\"async\" width=\"300\" height=\"140\" src=\"https:\/\/soyonsensemble.com\/wp-content\/uploads\/2025\/10\/soyons-ensemble-300x140.png\" class=\"attachment-medium size-medium wp-image-6795\" alt=\"Soyons Ensemble\" srcset=\"https:\/\/soyonsensemble.com\/wp-content\/uploads\/2025\/10\/soyons-ensemble-300x140.png 300w, https:\/\/soyonsensemble.com\/wp-content\/uploads\/2025\/10\/soyons-ensemble-1024x476.png 1024w, https:\/\/soyonsensemble.com\/wp-content\/uploads\/2025\/10\/soyons-ensemble-2000x930.png 2000w, https:\/\/soyonsensemble.com\/wp-content\/uploads\/2025\/10\/soyons-ensemble-scaled-18x8.png 18w, https:\/\/soyonsensemble.com\/wp-content\/uploads\/2025\/10\/soyons-ensemble-scaled-1536x715.png 1536w, https:\/\/soyonsensemble.com\/wp-content\/uploads\/2025\/10\/soyons-ensemble-scaled-2048x953.png 2048w, https:\/\/soyonsensemble.com\/wp-content\/uploads\/2025\/10\/soyons-ensemble-scaled-600x279.png 600w, https:\/\/soyonsensemble.com\/wp-content\/uploads\/2025\/10\/soyons-ensemble-scaled-1200x558.png 1200w\" sizes=\"100vw\" \/>\t\t\t\t\t\t\t\t\t\t\t\t\t\t\t<\/div>\n\t\t\t\t<section class=\"elementor-section elementor-inner-section elementor-element elementor-element-7a19ee1 elementor-section-full_width elementor-section-height-default elementor-section-height-default\" data-id=\"7a19ee1\" data-element_type=\"section\">\n\t\t\t\t\t\t<div class=\"elementor-container elementor-column-gap-no\">\n\t\t\t\t\t<div class=\"elementor-column elementor-col-100 elementor-inner-column elementor-element elementor-element-371c4441\" data-id=\"371c4441\" data-element_type=\"column\">\n\t\t\t<div class=\"elementor-widget-wrap elementor-element-populated\">\n\t\t\t\t\t\t<div class=\"elementor-element elementor-element-14e4796c elementor-widget elementor-widget-text-editor\" data-id=\"14e4796c\" data-element_type=\"widget\" data-widget_type=\"text-editor.default\">\n\t\t\t\t\t\t\t\t\t<p>\u00a0<\/p><p style=\"text-align: center;\">Sous le nom de \u2013 Association des Polonais de Gen\u00e8ve \u00ab <strong>Soyons ensemble<\/strong> \u00bb (<em>Stowarzyszenie\u00a0<\/em><em>Polak\u00f3w w Genewie &#8211; B\u0105d\u017amy razem<\/em>) il est cr\u00e9\u00e9 une Association \u00e0 but non lucratif r\u00e9gie par les pr\u00e9sents statuts et par les articles 60 et suivants du Code civil suisse.<\/p><p style=\"text-align: center;\">L&rsquo;objectif de l&rsquo;Association est d&rsquo;agir dans le domaine de la protection de la sant\u00e9, en particulier\u00a0celle des enfants, et de promouvoir la sant\u00e9 ainsi que les soins de sant\u00e9 pr\u00e9ventifs, y compris\u00a0dans le domaine de la sant\u00e9 mentale.<\/p><p style=\"text-align: left;\"><strong>L&rsquo;Association adopte comme objectifs sp\u00e9cifiques:<\/strong><\/p><ul><li style=\"text-align: left;\">apporter une aide aux personnes malades, bless\u00e9es, handicap\u00e9es, ainsi qu&rsquo;\u00e0 leurs familles et soignants;<\/li><li style=\"text-align: left;\">soutenir l&rsquo;acc\u00e8s aux \u00e9tablissements de sant\u00e9, aux soins de sant\u00e9 et aux \u00e9quipements m\u00e9dicaux;<\/li><li style=\"text-align: left;\">favoriser l&rsquo;\u00e9ducation des enfants, des jeunes et des adultes dans le domaine de la protection de la vie et de la sant\u00e9, tout en maintenant la capacit\u00e9 de r\u00e9agir aux besoins urgents.<\/li><\/ul><p style=\"text-align: left;\"><strong>Moyens\/ressources:<\/strong><\/p><p style=\"text-align: left;\">L&rsquo;Association exerce ses activit\u00e9s principalement en Suisse et en Pologne.<\/p><p style=\"text-align: left;\">L\u2019Association peut entreprendre toute action licite visant \u00e0 atteindre son objectif. En particulier,\u00a0l&rsquo;Association pourra entreprendre ce qui suit:<\/p><ul><li style=\"text-align: left;\">cr\u00e9er, promouvoir ou parrainer les programmes ad\u00e9quats pour atteindre le but de l&rsquo;Association;<\/li><li style=\"text-align: left;\">soutenir financi\u00e8rement des organismes d\u2019utilit\u00e9 publique partageant des objectifs similaires, notamment la Fondation grand orchestre de charit\u00e9 de No\u00ebl (Wielka Orkiestra \u015awi\u0105tecznej Pomocy), d\u00e9j\u00e0 identifi\u00e9e comme partenaire principal (<a href=\"https:\/\/en.wosp.org.pl\/\">https:\/\/en.wosp.org.pl\/<\/a>)<\/li><li style=\"text-align: left;\">choisir soigneusement les b\u00e9n\u00e9ficiaires des programmes; les partenaires locaux au sein des communaut\u00e9s locales en effectuant des contr\u00f4les pr\u00e9alables ind\u00e9pendants;<\/li><li style=\"text-align: left;\">organiser des collectes de fonds (argent ou biens), des ventes aux ench\u00e8res, et des \u00e9v\u00e9nements caritatifs.<\/li><\/ul><p style=\"text-align: center;\"><em>Toutes les ressources et moyens de l\u2019Association devront \u00eatre exclusivement consacr\u00e9s \u00e0 la\u00a0<\/em><em>r\u00e9alisation de son objectif non lucratif et d\u2019utilit\u00e9 publique.<\/em><\/p>\t\t\t\t\t\t\t\t<\/div>\n\t\t\t\t<div class=\"elementor-element elementor-element-69f4b5a8 elementor-align-center elementor-widget elementor-widget-button\" data-id=\"69f4b5a8\" data-element_type=\"widget\" data-widget_type=\"button.default\">\n\t\t\t\t\t\t\t\t\t\t<a class=\"elementor-button elementor-button-link elementor-size-md\" href=\"https:\/\/soyonsensemble.com\/index.php\/contact\/\">\n\t\t\t\t\t\t<span class=\"elementor-button-content-wrapper\">\n\t\t\t\t\t\t\t\t\t<span class=\"elementor-button-text\">Contactez-nous<\/span>\n\t\t\t\t\t<\/span>\n\t\t\t\t\t<\/a>\n\t\t\t\t\t\t\t\t<\/div>\n\t\t\t\t\t<\/div>\n\t\t<\/div>\n\t\t\t\t\t<\/div>\n\t\t<\/section>\n\t\t\t\t\t<\/div>\n\t\t<\/div>\n\t\t\t\t\t<\/div>\n\t\t<\/section>\n\t\t\t\t<section class=\"elementor-section elementor-top-section elementor-element elementor-element-79c23755 elementor-section-boxed elementor-section-height-default elementor-section-height-default\" data-id=\"79c23755\" data-element_type=\"section\" data-settings=\"{&quot;background_background&quot;:&quot;classic&quot;}\">\n\t\t\t\t\t\t<div class=\"elementor-container elementor-column-gap-no\">\n\t\t\t\t\t<div class=\"elementor-column elementor-col-100 elementor-top-column elementor-element elementor-element-39e1062\" data-id=\"39e1062\" data-element_type=\"column\">\n\t\t\t<div class=\"elementor-widget-wrap elementor-element-populated\">\n\t\t\t\t\t\t<div class=\"elementor-element elementor-element-1794f4ed elementor-widget elementor-widget-heading\" data-id=\"1794f4ed\" data-element_type=\"widget\" data-widget_type=\"heading.default\">\n\t\t\t\t\t<h2 class=\"elementor-heading-title elementor-size-default\">Notre \u00e9quipe<\/h2>\t\t\t\t<\/div>\n\t\t\t\t\t<\/div>\n\t\t<\/div>\n\t\t\t\t\t<\/div>\n\t\t<\/section>\n\t\t\t\t<section class=\"elementor-section elementor-top-section elementor-element elementor-element-4809f5de elementor-section-boxed elementor-section-height-default elementor-section-height-default\" data-id=\"4809f5de\" data-element_type=\"section\" data-settings=\"{&quot;background_background&quot;:&quot;classic&quot;}\">\n\t\t\t\t\t\t<div class=\"elementor-container elementor-column-gap-custom\">\n\t\t\t\t\t<div class=\"elementor-column elementor-col-50 elementor-top-column elementor-element elementor-element-10bff1a7\" data-id=\"10bff1a7\" data-element_type=\"column\">\n\t\t\t<div class=\"elementor-widget-wrap elementor-element-populated\">\n\t\t\t\t\t\t<div class=\"elementor-element elementor-element-8e0665c elementor-widget elementor-widget-wpzoom-elementor-addons-team-members\" data-id=\"8e0665c\" data-element_type=\"widget\" data-widget_type=\"wpzoom-elementor-addons-team-members.default\">\n\t\t\t\t<div class=\"elementor-widget-container\">\n\t\t\t\t\t\n\t\t\t\t\t<figure class=\"wpz-member-figure\">\n\t\t\t\t<img fetchpriority=\"high\" decoding=\"async\" width=\"769\" height=\"1024\" src=\"https:\/\/soyonsensemble.com\/wp-content\/uploads\/2026\/03\/Edyta-Chojnacka-769x1024.jpeg\" class=\"elementor-animation-disable-animation attachment-large size-large wp-image-7022\" alt=\"\" srcset=\"https:\/\/soyonsensemble.com\/wp-content\/uploads\/2026\/03\/Edyta-Chojnacka-769x1024.jpeg 769w, https:\/\/soyonsensemble.com\/wp-content\/uploads\/2026\/03\/Edyta-Chojnacka-225x300.jpeg 225w, https:\/\/soyonsensemble.com\/wp-content\/uploads\/2026\/03\/Edyta-Chojnacka-2000x2662.jpeg 2000w, https:\/\/soyonsensemble.com\/wp-content\/uploads\/2026\/03\/Edyta-Chojnacka-scaled-9x12.jpeg 9w, https:\/\/soyonsensemble.com\/wp-content\/uploads\/2026\/03\/Edyta-Chojnacka-scaled.jpeg 1923w\" sizes=\"100vw\" \/>\t\t\t<\/figure>\n\t\t\n\t\t<div class=\"wpz-member-body\">\n\t\t\t<h2 class=\"wpz-member-name\">Edyta Chojnacka<\/h2>\n\t\t\t\t\t\t\t<div class=\"wpz-member-position\">Pr\u00e9sident<\/div>\n\t\t\t\n\t\t\t\t\t\t\t<div class=\"wpz-member-bio\">\n\t\t\t\t\t<p>Je suis la pr\u00e9sidente de l'association Soyons Ensemble, mais au sein de notre organisation, les postes n'ont pas d'importance; nous \u0153uvrons tous ensemble pour int\u00e9grer la communaut\u00e9 polonaise \u00e0 Gen\u00e8ve et soutenir des projets caritatifs qui contribuent \u00e0 l'acc\u00e8s aux soins en Pologne ainsi qu\u2019\u00e0 la promotion de la culture et des traditions polonaises en Suisse.\n\nJe suis dipl\u00f4m\u00e9e en \u00e9tudes slovaques et j'ai travaill\u00e9 comme traductrice pendant de nombreuses ann\u00e9es. J'ai v\u00e9cu hors de Pologne pendant pr\u00e8s de 24 ans: outre plusieurs ann\u00e9es en Suisse, j'ai pass\u00e9 six ans aux Pays-Bas avec ma famille. \u00c0 Gen\u00e8ve, j'ai \u00e9galement travaill\u00e9 \u00e0 plusieurs reprises pour la commission \u00e9lectorale polonaise.\n\nJe suis m\u00e8re de deux fils adultes. Mon mari, Rafa\u0142, et moi partageons une passion pour la montagne: nous adorons la randonn\u00e9e et le ski. J'aime aussi lire, regarder des films, faire des puzzles, courir et nager dans le lac L\u00e9man. Je suis toujours enthousiaste \u00e0 l'id\u00e9e de rencontrer de nouvelles personnes et de mettre en \u0153uvre de nouveaux projets.<\/p>\n\t\t\t\t<\/div>\n\t\t\t\n\t\t\t\n\t\t\t\t\t\t\t<div class=\"wpz-member-links\">\n\t\t\t\t\t<a target=\"_blank\" rel=\"noopener\" href=\"https:\/\/www.facebook.com\/WospGenewa\/\" class=\"elementor-repeater-item-46b7917\"><i class=\"fa-facebook fab\" aria-hidden=\"true\"><\/i><\/a>\t\t\t\t<\/div>\n\t\t\t\n\t\t\t\t\t<\/div>\n\t\t\t\t\t\t<\/div>\n\t\t\t\t<\/div>\n\t\t\t\t<div class=\"elementor-element elementor-element-4b9f7553 elementor-widget elementor-widget-wpzoom-elementor-addons-team-members\" data-id=\"4b9f7553\" data-element_type=\"widget\" data-widget_type=\"wpzoom-elementor-addons-team-members.default\">\n\t\t\t\t<div class=\"elementor-widget-container\">\n\t\t\t\t\t\n\t\t\t\t\t<figure class=\"wpz-member-figure\">\n\t\t\t\t<img decoding=\"async\" width=\"950\" height=\"633\" src=\"https:\/\/soyonsensemble.com\/wp-content\/uploads\/2025\/12\/Czekamy-na-zdjecie-ekipy-1024x682.jpg\" class=\"elementor-animation-disable-animation attachment-large size-large wp-image-6920\" alt=\"\" srcset=\"https:\/\/soyonsensemble.com\/wp-content\/uploads\/2025\/12\/Czekamy-na-zdjecie-ekipy-1024x682.jpg 1024w, https:\/\/soyonsensemble.com\/wp-content\/uploads\/2025\/12\/Czekamy-na-zdjecie-ekipy-300x200.jpg 300w, https:\/\/soyonsensemble.com\/wp-content\/uploads\/2025\/12\/Czekamy-na-zdjecie-ekipy-18x12.jpg 18w, https:\/\/soyonsensemble.com\/wp-content\/uploads\/2025\/12\/Czekamy-na-zdjecie-ekipy.jpg 1280w\" sizes=\"100vw\" \/>\t\t\t<\/figure>\n\t\t\n\t\t<div class=\"wpz-member-body\">\n\t\t\t<h2 class=\"wpz-member-name\">Ewa Kowalska-Krzysztofik<\/h2>\n\t\t\t\t\t\t\t<div class=\"wpz-member-position\">Secr\u00e9taire<\/div>\n\t\t\t\n\t\t\t\t\t\t\t<div class=\"wpz-member-bio\">\n\t\t\t\t\t<p>...<\/p>\n\t\t\t\t<\/div>\n\t\t\t\n\t\t\t\n\t\t\t\t\t\t\t<div class=\"wpz-member-links\">\n\t\t\t\t\t<a target=\"_blank\" rel=\"noopener\" href=\"https:\/\/www.facebook.com\/WospGenewa\/\" class=\"elementor-repeater-item-ad311be\"><i class=\"fa-facebook fab\" aria-hidden=\"true\"><\/i><\/a>\t\t\t\t<\/div>\n\t\t\t\n\t\t\t\t\t<\/div>\n\t\t\t\t\t\t<\/div>\n\t\t\t\t<\/div>\n\t\t\t\t\t<\/div>\n\t\t<\/div>\n\t\t\t\t<div class=\"elementor-column elementor-col-50 elementor-top-column elementor-element elementor-element-38ec6c8\" data-id=\"38ec6c8\" data-element_type=\"column\">\n\t\t\t<div class=\"elementor-widget-wrap elementor-element-populated\">\n\t\t\t\t\t\t<div class=\"elementor-element elementor-element-a1631f3 elementor-widget elementor-widget-wpzoom-elementor-addons-team-members\" data-id=\"a1631f3\" data-element_type=\"widget\" data-widget_type=\"wpzoom-elementor-addons-team-members.default\">\n\t\t\t\t<div class=\"elementor-widget-container\">\n\t\t\t\t\t\n\t\t\t\t\t<figure class=\"wpz-member-figure\">\n\t\t\t\t<img decoding=\"async\" width=\"950\" height=\"633\" src=\"https:\/\/soyonsensemble.com\/wp-content\/uploads\/2025\/12\/Czekamy-na-zdjecie-ekipy-1024x682.jpg\" class=\"elementor-animation-disable-animation attachment-large size-large wp-image-6920\" alt=\"\" srcset=\"https:\/\/soyonsensemble.com\/wp-content\/uploads\/2025\/12\/Czekamy-na-zdjecie-ekipy-1024x682.jpg 1024w, https:\/\/soyonsensemble.com\/wp-content\/uploads\/2025\/12\/Czekamy-na-zdjecie-ekipy-300x200.jpg 300w, https:\/\/soyonsensemble.com\/wp-content\/uploads\/2025\/12\/Czekamy-na-zdjecie-ekipy-18x12.jpg 18w, https:\/\/soyonsensemble.com\/wp-content\/uploads\/2025\/12\/Czekamy-na-zdjecie-ekipy.jpg 1280w\" sizes=\"100vw\" \/>\t\t\t<\/figure>\n\t\t\n\t\t<div class=\"wpz-member-body\">\n\t\t\t<h2 class=\"wpz-member-name\">Anna Basi\u0144ska<\/h2>\n\t\t\t\t\t\t\t<div class=\"wpz-member-position\">Membre<\/div>\n\t\t\t\n\t\t\t\t\t\t\t<div class=\"wpz-member-bio\">\n\t\t\t\t\t<p>...<\/p>\n\t\t\t\t<\/div>\n\t\t\t\n\t\t\t\n\t\t\t\t\t\t\t<div class=\"wpz-member-links\">\n\t\t\t\t\t<a target=\"_blank\" rel=\"noopener\" href=\"https:\/\/www.facebook.com\/WospGenewa\/\" class=\"elementor-repeater-item-46b7917\"><i class=\"fa-facebook fab\" aria-hidden=\"true\"><\/i><\/a>\t\t\t\t<\/div>\n\t\t\t\n\t\t\t\t\t<\/div>\n\t\t\t\t\t\t<\/div>\n\t\t\t\t<\/div>\n\t\t\t\t<div class=\"elementor-element elementor-element-b6ec8a0 elementor-widget elementor-widget-wpzoom-elementor-addons-team-members\" data-id=\"b6ec8a0\" data-element_type=\"widget\" data-widget_type=\"wpzoom-elementor-addons-team-members.default\">\n\t\t\t\t<div class=\"elementor-widget-container\">\n\t\t\t\t\t\n\t\t\t\t\t<figure class=\"wpz-member-figure\">\n\t\t\t\t<img loading=\"lazy\" decoding=\"async\" width=\"492\" height=\"492\" src=\"https:\/\/soyonsensemble.com\/wp-content\/uploads\/2026\/03\/MANGDA-_-Ciocia-Tamara-Wujek-Piotr-Roma-Emeryk-Pia-Inez-01-_-male-1-2-1.jpg\" class=\"elementor-animation-disable-animation attachment-large size-large wp-image-7027\" alt=\"\" srcset=\"https:\/\/soyonsensemble.com\/wp-content\/uploads\/2026\/03\/MANGDA-_-Ciocia-Tamara-Wujek-Piotr-Roma-Emeryk-Pia-Inez-01-_-male-1-2-1.jpg 492w, https:\/\/soyonsensemble.com\/wp-content\/uploads\/2026\/03\/MANGDA-_-Ciocia-Tamara-Wujek-Piotr-Roma-Emeryk-Pia-Inez-01-_-male-1-2-1-300x300.jpg 300w, https:\/\/soyonsensemble.com\/wp-content\/uploads\/2026\/03\/MANGDA-_-Ciocia-Tamara-Wujek-Piotr-Roma-Emeryk-Pia-Inez-01-_-male-1-2-1-150x150.jpg 150w, https:\/\/soyonsensemble.com\/wp-content\/uploads\/2026\/03\/MANGDA-_-Ciocia-Tamara-Wujek-Piotr-Roma-Emeryk-Pia-Inez-01-_-male-1-2-1-12x12.jpg 12w\" sizes=\"100vw\" \/>\t\t\t<\/figure>\n\t\t\n\t\t<div class=\"wpz-member-body\">\n\t\t\t<h2 class=\"wpz-member-name\">Roma Roquette<\/h2>\n\t\t\t\t\t\t\t<div class=\"wpz-member-position\">Membre<\/div>\n\t\t\t\n\t\t\t\t\t\t\t<div class=\"wpz-member-bio\">\n\t\t\t\t\t<p>Chez Soyons Ensemble, je suis responsable des r\u00e9seaux sociaux et de la communication en ligne \u2013 je veille \u00e0 ce que nos actions soient visibles, coh\u00e9rentes et qu\u2019elles atteignent la plus large communaut\u00e9 possible dans la r\u00e9gion.\n\nDans ma vie priv\u00e9e, je suis maman de deux filles et une personne qui aime agir de mani\u00e8re concr\u00e8te, responsable et avec le c\u0153ur.\n\nSur le plan professionnel, je combine deux casquettes - je travaille chez NOVOL en tant que coordinatrice ESG, o\u00f9 je m\u2019occupe des questions de d\u00e9veloppement durable, de reporting et d\u2019impact environnemental. Parall\u00e8lement, je suis nutritionniste et je dirige mon propre cabinet, o\u00f9 j\u2019accompagne principalement les femmes dans la construction d\u2019une relation saine avec l\u2019alimentation, l\u2019\u00e9quilibre hormonal et un changement durable de mode de vie.<\/p>\n\t\t\t\t<\/div>\n\t\t\t\n\t\t\t\n\t\t\t\t\t\t\t<div class=\"wpz-member-links\">\n\t\t\t\t\t<a target=\"_blank\" rel=\"noopener\" href=\"https:\/\/www.facebook.com\/WospGenewa\/\" class=\"elementor-repeater-item-ad311be\"><i class=\"fa-facebook fab\" aria-hidden=\"true\"><\/i><\/a>\t\t\t\t<\/div>\n\t\t\t\n\t\t\t\t\t<\/div>\n\t\t\t\t\t\t<\/div>\n\t\t\t\t<\/div>\n\t\t\t\t<div class=\"elementor-element elementor-element-12be8f7 elementor-widget elementor-widget-wpzoom-elementor-addons-team-members\" data-id=\"12be8f7\" data-element_type=\"widget\" data-widget_type=\"wpzoom-elementor-addons-team-members.default\">\n\t\t\t\t<div class=\"elementor-widget-container\">\n\t\t\t\t\t\n\t\t\t\t\t<figure class=\"wpz-member-figure\">\n\t\t\t\t<img decoding=\"async\" width=\"950\" height=\"633\" src=\"https:\/\/soyonsensemble.com\/wp-content\/uploads\/2025\/12\/Czekamy-na-zdjecie-ekipy-1024x682.jpg\" class=\"elementor-animation-disable-animation attachment-large size-large wp-image-6920\" alt=\"\" srcset=\"https:\/\/soyonsensemble.com\/wp-content\/uploads\/2025\/12\/Czekamy-na-zdjecie-ekipy-1024x682.jpg 1024w, https:\/\/soyonsensemble.com\/wp-content\/uploads\/2025\/12\/Czekamy-na-zdjecie-ekipy-300x200.jpg 300w, https:\/\/soyonsensemble.com\/wp-content\/uploads\/2025\/12\/Czekamy-na-zdjecie-ekipy-18x12.jpg 18w, https:\/\/soyonsensemble.com\/wp-content\/uploads\/2025\/12\/Czekamy-na-zdjecie-ekipy.jpg 1280w\" sizes=\"100vw\" \/>\t\t\t<\/figure>\n\t\t\n\t\t<div class=\"wpz-member-body\">\n\t\t\t<h2 class=\"wpz-member-name\">Ewa O\u2019Neill<\/h2>\n\t\t\t\t\t\t\t<div class=\"wpz-member-position\">Membre<\/div>\n\t\t\t\n\t\t\t\t\t\t\t<div class=\"wpz-member-bio\">\n\t\t\t\t\t<p>...<\/p>\n\t\t\t\t<\/div>\n\t\t\t\n\t\t\t\n\t\t\t\t\t\t\t<div class=\"wpz-member-links\">\n\t\t\t\t\t<a target=\"_blank\" rel=\"noopener\" href=\"https:\/\/www.facebook.com\/WospGenewa\/\" class=\"elementor-repeater-item-ad311be\"><i class=\"fa-facebook fab\" aria-hidden=\"true\"><\/i><\/a>\t\t\t\t<\/div>\n\t\t\t\n\t\t\t\t\t<\/div>\n\t\t\t\t\t\t<\/div>\n\t\t\t\t<\/div>\n\t\t\t\t\t<\/div>\n\t\t<\/div>\n\t\t\t\t\t<\/div>\n\t\t<\/section>\n\t\t\t\t<\/div>\n\t\t","protected":false},"excerpt":{"rendered":"<p>\u00a0 Sous le nom de \u2013 Association des Polonais de Gen\u00e8ve \u00ab Soyons ensemble \u00bb (Stowarzyszenie\u00a0Polak\u00f3w w Genewie &#8211; B\u0105d\u017amy razem) il est cr\u00e9\u00e9 une Association \u00e0 but non lucratif r\u00e9gie par les pr\u00e9sents statuts et par les articles 60 et suivants du Code civil suisse. L&rsquo;objectif de l&rsquo;Association est d&rsquo;agir dans le domaine de &hellip; <\/p>\n<p class=\"link-more\"><a href=\"https:\/\/soyonsensemble.com\/index.php\/about\/\" class=\"more-link\">Lire la suite de<span class=\"screen-reader-text\">\u00ab\u00a0Qui sommes-nous\u00a0\u00bb<\/span><\/a><\/p>\n","protected":false},"author":1,"featured_media":0,"parent":0,"menu_order":0,"comment_status":"closed","ping_status":"closed","template":"page-templates\/full-width-builder-bb.php","meta":{"footnotes":""},"class_list":["post-5592","page","type-page","status-publish","hentry"],"featured_media_urls":[],"_links":{"self":[{"href":"https:\/\/soyonsensemble.com\/index.php\/wp-json\/wp\/v2\/pages\/5592","targetHints":{"allow":["GET"]}}],"collection":[{"href":"https:\/\/soyonsensemble.com\/index.php\/wp-json\/wp\/v2\/pages"}],"about":[{"href":"https:\/\/soyonsensemble.com\/index.php\/wp-json\/wp\/v2\/types\/page"}],"author":[{"embeddable":true,"href":"https:\/\/soyonsensemble.com\/index.php\/wp-json\/wp\/v2\/users\/1"}],"replies":[{"embeddable":true,"href":"https:\/\/soyonsensemble.com\/index.php\/wp-json\/wp\/v2\/comments?post=5592"}],"version-history":[{"count":35,"href":"https:\/\/soyonsensemble.com\/index.php\/wp-json\/wp\/v2\/pages\/5592\/revisions"}],"predecessor-version":[{"id":7030,"href":"https:\/\/soyonsensemble.com\/index.php\/wp-json\/wp\/v2\/pages\/5592\/revisions\/7030"}],"wp:attachment":[{"href":"https:\/\/soyonsensemble.com\/index.php\/wp-json\/wp\/v2\/media?parent=5592"}],"curies":[{"name":"wp","href":"https:\/\/api.w.org\/{rel}","templated":true}]}}