{"id":5206,"date":"2014-08-06T08:40:48","date_gmt":"2014-08-06T08:40:48","guid":{"rendered":"https:\/\/demo.wpzoom.com\/inspiro\/?page_id=5206"},"modified":"2025-12-28T16:05:45","modified_gmt":"2025-12-28T16:05:45","slug":"portfolio","status":"publish","type":"page","link":"https:\/\/soyonsensemble.com\/index.php\/portfolio\/","title":{"rendered":"Faire un don"},"content":{"rendered":"\t\t<div data-elementor-type=\"wp-page\" data-elementor-id=\"5206\" class=\"elementor elementor-5206\">\n\t\t\t\t<div class=\"elementor-element elementor-element-7d629bcd e-flex e-con-boxed e-con e-parent\" data-id=\"7d629bcd\" data-element_type=\"container\">\n\t\t\t\t\t<div class=\"e-con-inner\">\n\t\t\t\t<div class=\"elementor-element elementor-element-115ebf82 elementor-widget elementor-widget-text-editor\" data-id=\"115ebf82\" data-element_type=\"widget\" data-widget_type=\"text-editor.default\">\n\t\t\t\t\t\t\t\t\t<p><b><i>Comment le Grand Orchestre d<\/i><\/b><b><i>e Charit\u00e9 de No\u00ebl a commenc\u00e9<\/i><\/b><\/p>\n<p style=\"text-align: left;\"><b>Le Grand Orchestre de Charit\u00e9 de No\u00ebl (GOCN, en polonais WO\u015aP)<\/b> est la plus grande fondation caritative, non gouvernementale et \u00e0 but non lucratif de Pologne, qui collecte des fonds pour les soins p\u00e9diatriques et g\u00e9riatriques. L\u2019objectif de la GOCN est de soutenir les soins de sant\u00e9 en Pologne en achetant des \u00e9quipements m\u00e9dicaux de pointe pour les h\u00f4pitaux et cliniques polonais et en mettant en place des programmes d\u2019\u00e9ducation m\u00e9dicale. En 2017, la GOCN a \u00e9t\u00e9 officiellement nomm\u00e9e pour le prix Nobel de la paix ! Au d\u00e9but des ann\u00e9es 1990, les h\u00f4pitaux polonais manquaient d\u2019\u00e9quipements m\u00e9dicaux de base malgr\u00e9 un personnel m\u00e9dical bien form\u00e9. Ce probl\u00e8me a conduit \u00e0 la cr\u00e9ation du Grand Orchestre de Charit\u00e9 de No\u00ebl (GOCN). Tout a commenc\u00e9 avec un \u00e9v\u00e9nement de collecte de fonds pour la chirurgie cardiaque p\u00e9diatrique le 3 janvier 1993, permettant de lever 1,5 million de dollars pour acheter des \u00e9quipements essentiels. Le succ\u00e8s de cet \u00e9v\u00e9nement et l\u2019enthousiasme public ont incit\u00e9 le fondateur, Jurek Owsiak, \u00e0 en faire un programme annuel de bienfaisance. Depuis lors, le GOCN est devenue l\u2019une des oeuvres de charit\u00e9 les plus importantes en Pologne et l\u2019une des plus grandes initiatives de collecte de fonds publiques au monde, ayant r\u00e9colt\u00e9 plus de 550 millions de dollars entre 1993 et 2023.<\/p>\n<p style=\"text-align: left;\"><em><b>Entre la Pologne et Gen\u00e8ve<\/b><\/em><\/p>\n<p style=\"text-align: left;\">Le 26 janvier 2025, le Grand Orchestre de Charit\u00e9 de No\u00ebl (GOCN) se tiendra pour\u00a0la 33e fois. Pour la troisi\u00e8me ann\u00e9e cons\u00e9cutive, le groupe de Gen\u00e8ve rejoindra les\u00a01 600 centres de collecte en Pologne et dans le monde, en collectant des fonds au\u00a0sein de la communaut\u00e9 Polonaise de Suisse. Au cours des deux derni\u00e8res Grandes\u00a0Finales de la GOCN \u00e0 Gen\u00e8ve, nous avons collect\u00e9 et fait don de plus de CHF 23\u00a0673 \u00e0 la Fondation GOCN en Pologne !<br \/>Les initiatives pass\u00e9es ont soutenu la lutte contre la septic\u00e9mie et les soins p\u00e9diatriques\u00a0et g\u00e9riatriques. Cette ann\u00e9e, nous jouons pour soutenir l\u2019oncologie et l\u2019h\u00e9matologie\u00a0p\u00e9diatriques. Le th\u00e8me de la 33e Finale de la WO\u015aP est la s\u00e9curit\u00e9 et la sant\u00e9 des\u00a0enfants. Nous jouons pour tous \u2013 jeunes et moins jeunes. Au nom de la Fondation\u00a0GOCN et de tous les enfants et adultes qui en b\u00e9n\u00e9ficieront, nous vous invitons \u00e0\u00a0soutenir notre initiative et \u00e0 rejoindre le groupe de sponsors de GOCN \u00e0 Gen\u00e8ve en\u00a0devenant vous-m\u00eame un sponsor.<br \/>En soutenant la 33e Grande Finale de la GOCN, vous ne gagnerez pas seulement la\u00a0gratitude de ceux qui recevront les fonds, mais vous aurez \u00e9galement l\u2019opportunit\u00e9\u00a0unique de pr\u00e9senter votre entreprise \u00e0 la communaut\u00e9 Polonaise de Suisse. Nous\u00a0avons con\u00e7u des offres de partenariat qui proposent diverses opportunit\u00e9s de soutien\u00a0\u00e0 notre initiative, telles que le parrainage, les ench\u00e8res, les ventes en magasin, les\u00a0\u00e9v\u00e9nements, ainsi que les dons physiques et \u00e9lectroniques.<\/p>\n<p style=\"text-align: left;\"><a href=\"http:\/\/soyonsensemble.com\/wp-content\/uploads\/2025\/12\/Ofetra-new-2026.pdf\"><em><strong>Lire plus en anglais&#8230;<\/strong><\/em><\/a><\/p>\n<p style=\"text-align: left;\">\u00a0<\/p>\n<p><img decoding=\"async\" class=\"wp-image-6970 size-medium aligncenter\" src=\"http:\/\/soyonsensemble.com\/wp-content\/uploads\/2025\/12\/Ekipa-WOSP-GE-300x158.png\" alt=\"\" width=\"300\" height=\"158\" srcset=\"https:\/\/soyonsensemble.com\/wp-content\/uploads\/2025\/12\/Ekipa-WOSP-GE-300x158.png 300w, https:\/\/soyonsensemble.com\/wp-content\/uploads\/2025\/12\/Ekipa-WOSP-GE-1024x540.png 1024w, https:\/\/soyonsensemble.com\/wp-content\/uploads\/2025\/12\/Ekipa-WOSP-GE-18x9.png 18w, https:\/\/soyonsensemble.com\/wp-content\/uploads\/2025\/12\/Ekipa-WOSP-GE.png 1352w\" sizes=\"(max-width: 300px) 100vw, 300px\" \/><\/p>\n<p style=\"text-align: left;\">\u00a0<\/p>\n<p style=\"text-align: left;\">\u00a0<\/p>\n<p style=\"text-align: left;\">\u00a0<\/p>\t\t\t\t\t\t\t\t<\/div>\n\t\t\t\t\t<\/div>\n\t\t\t\t<\/div>\n\t\t\t\t<\/div>\n\t\t","protected":false},"excerpt":{"rendered":"<p>Comment le Grand Orchestre de Charit\u00e9 de No\u00ebl a commenc\u00e9 Le Grand Orchestre de Charit\u00e9 de No\u00ebl (GOCN, en polonais WO\u015aP) est la plus grande fondation caritative, non gouvernementale et \u00e0 but non lucratif de Pologne, qui collecte des fonds pour les soins p\u00e9diatriques et g\u00e9riatriques. L\u2019objectif de la GOCN est de soutenir les soins &hellip; <\/p>\n<p class=\"link-more\"><a href=\"https:\/\/soyonsensemble.com\/index.php\/portfolio\/\" class=\"more-link\">Lire la suite de<span class=\"screen-reader-text\">\u00ab\u00a0Faire un don\u00a0\u00bb<\/span><\/a><\/p>\n","protected":false},"author":1,"featured_media":0,"parent":0,"menu_order":0,"comment_status":"open","ping_status":"open","template":"page-templates\/full-width-builder-bb.php","meta":{"footnotes":""},"class_list":["post-5206","page","type-page","status-publish","hentry"],"featured_media_urls":[],"_links":{"self":[{"href":"https:\/\/soyonsensemble.com\/index.php\/wp-json\/wp\/v2\/pages\/5206","targetHints":{"allow":["GET"]}}],"collection":[{"href":"https:\/\/soyonsensemble.com\/index.php\/wp-json\/wp\/v2\/pages"}],"about":[{"href":"https:\/\/soyonsensemble.com\/index.php\/wp-json\/wp\/v2\/types\/page"}],"author":[{"embeddable":true,"href":"https:\/\/soyonsensemble.com\/index.php\/wp-json\/wp\/v2\/users\/1"}],"replies":[{"embeddable":true,"href":"https:\/\/soyonsensemble.com\/index.php\/wp-json\/wp\/v2\/comments?post=5206"}],"version-history":[{"count":13,"href":"https:\/\/soyonsensemble.com\/index.php\/wp-json\/wp\/v2\/pages\/5206\/revisions"}],"predecessor-version":[{"id":6981,"href":"https:\/\/soyonsensemble.com\/index.php\/wp-json\/wp\/v2\/pages\/5206\/revisions\/6981"}],"wp:attachment":[{"href":"https:\/\/soyonsensemble.com\/index.php\/wp-json\/wp\/v2\/media?parent=5206"}],"curies":[{"name":"wp","href":"https:\/\/api.w.org\/{rel}","templated":true}]}}